{"id":19,"date":"2018-01-28T21:39:40","date_gmt":"2018-01-28T21:39:40","guid":{"rendered":"http:\/\/lapalmaecuestre.sodepal.info\/?page_id=19"},"modified":"2023-01-30T22:24:44","modified_gmt":"2023-01-30T22:24:44","slug":"inicio","status":"publish","type":"page","link":"https:\/\/www.happycamperlapalma.com\/en\/","title":{"rendered":"HOME"},"content":{"rendered":"<h3 class=\"has-text-align-center has-large-font-size wp-block-heading\" id=\"vive-la-isla-bonita-desde-una\"><strong>Live La Isla Bonita from a<\/strong> <strong>CAMPER<\/strong><\/h3>\n\n\n\n<div class=\"wp-block-image is-style-rounded\"><figure class=\"aligncenter size-large\"><img loading=\"lazy\" decoding=\"async\" width=\"1024\" height=\"684\" src=\"http:\/\/www.happycamperlapalma.com\/wp-content\/uploads\/2022\/02\/19-1024x684.jpg\" alt=\"\" class=\"wp-image-691\" srcset=\"https:\/\/www.happycamperlapalma.com\/wp-content\/uploads\/2022\/02\/19-1024x684.jpg 1024w, https:\/\/www.happycamperlapalma.com\/wp-content\/uploads\/2022\/02\/19-300x200.jpg 300w, https:\/\/www.happycamperlapalma.com\/wp-content\/uploads\/2022\/02\/19-768x513.jpg 768w, https:\/\/www.happycamperlapalma.com\/wp-content\/uploads\/2022\/02\/19-1536x1025.jpg 1536w, https:\/\/www.happycamperlapalma.com\/wp-content\/uploads\/2022\/02\/19-2048x1367.jpg 2048w\" sizes=\"auto, (max-width: 706px) 89vw, (max-width: 767px) 82vw, 740px\" \/><\/figure><\/div>\n\n\n\n<h1 class=\"has-text-align-center wp-block-heading\" id=\"la-libertad-a-tu-alcance\"><strong>FREEDOM AT YOUR FINGERTIPS<\/strong><\/h1>\n\n\n\n<p class=\"has-text-align-center has-medium-font-size\">If you like to travel without a watch, improvise your route and enjoy Nature, try the Happy Camper!<\/p>\n\n\n\n<div class=\"wp-block-image is-style-rounded\"><figure class=\"aligncenter size-large\"><img loading=\"lazy\" decoding=\"async\" width=\"1024\" height=\"684\" src=\"http:\/\/www.happycamperlapalma.com\/wp-content\/uploads\/2022\/02\/5.-web-1024x684.jpg\" alt=\"\" class=\"wp-image-714\" srcset=\"https:\/\/www.happycamperlapalma.com\/wp-content\/uploads\/2022\/02\/5.-web-1024x684.jpg 1024w, https:\/\/www.happycamperlapalma.com\/wp-content\/uploads\/2022\/02\/5.-web-300x200.jpg 300w, https:\/\/www.happycamperlapalma.com\/wp-content\/uploads\/2022\/02\/5.-web-768x513.jpg 768w, https:\/\/www.happycamperlapalma.com\/wp-content\/uploads\/2022\/02\/5.-web-1536x1025.jpg 1536w, https:\/\/www.happycamperlapalma.com\/wp-content\/uploads\/2022\/02\/5.-web-2048x1367.jpg 2048w\" sizes=\"auto, (max-width: 706px) 89vw, (max-width: 767px) 82vw, 740px\" \/><\/figure><\/div>\n\n\n\n<h1 class=\"wp-block-heading\" id=\"equipamiento-basico\"><strong>BASIC EQUIPMENT<\/strong><\/h1>\n\n\n\n<div class=\"wp-block-columns is-layout-flex wp-container-core-columns-is-layout-5 wp-block-columns-is-layout-flex\">\n<div class=\"wp-block-column is-layout-flow wp-block-column-is-layout-flow\">\n<div class=\"wp-block-columns is-layout-flex wp-container-core-columns-is-layout-4 wp-block-columns-is-layout-flex\">\n<div class=\"wp-block-column is-layout-flow wp-block-column-is-layout-flow\">\n<div class=\"wp-block-columns is-layout-flex wp-container-core-columns-is-layout-1 wp-block-columns-is-layout-flex\">\n<div class=\"wp-block-column is-layout-flow wp-block-column-is-layout-flow\">\n<div class=\"wp-block-image\"><figure class=\"aligncenter size-full is-resized\"><img loading=\"lazy\" decoding=\"async\" src=\"http:\/\/www.happycamperlapalma.com\/wp-content\/uploads\/2022\/02\/plazas-cinturon.png\" alt=\"\" class=\"wp-image-856\" width=\"49\" height=\"49\" srcset=\"https:\/\/www.happycamperlapalma.com\/wp-content\/uploads\/2022\/02\/plazas-cinturon.png 512w, https:\/\/www.happycamperlapalma.com\/wp-content\/uploads\/2022\/02\/plazas-cinturon-300x300.png 300w, https:\/\/www.happycamperlapalma.com\/wp-content\/uploads\/2022\/02\/plazas-cinturon-150x150.png 150w, https:\/\/www.happycamperlapalma.com\/wp-content\/uploads\/2022\/02\/plazas-cinturon-100x100.png 100w\" sizes=\"auto, (max-width: 49px) 100vw, 49px\" \/><\/figure><\/div>\n\n\n\n<p class=\"has-text-align-center has-small-font-size\">4 Seats with belt, rear with Isofix system<\/p>\n<\/div>\n\n\n\n<div class=\"wp-block-column is-layout-flow wp-block-column-is-layout-flow\">\n<div class=\"wp-block-image\"><figure class=\"aligncenter size-full is-resized\"><img loading=\"lazy\" decoding=\"async\" src=\"http:\/\/www.happycamperlapalma.com\/wp-content\/uploads\/2022\/02\/plazas-cama.png\" alt=\"\" class=\"wp-image-857\" width=\"52\" height=\"52\" srcset=\"https:\/\/www.happycamperlapalma.com\/wp-content\/uploads\/2022\/02\/plazas-cama.png 512w, https:\/\/www.happycamperlapalma.com\/wp-content\/uploads\/2022\/02\/plazas-cama-300x300.png 300w, https:\/\/www.happycamperlapalma.com\/wp-content\/uploads\/2022\/02\/plazas-cama-150x150.png 150w, https:\/\/www.happycamperlapalma.com\/wp-content\/uploads\/2022\/02\/plazas-cama-100x100.png 100w\" sizes=\"auto, (max-width: 52px) 100vw, 52px\" \/><\/figure><\/div>\n\n\n\n<p class=\"has-text-align-center has-small-font-size\">3-4 Plazas en cama (*consultar)<\/p>\n<\/div>\n<\/div>\n<\/div>\n\n\n\n<div class=\"wp-block-column is-layout-flow wp-block-column-is-layout-flow\">\n<div class=\"wp-block-columns is-layout-flex wp-container-core-columns-is-layout-2 wp-block-columns-is-layout-flex\">\n<div class=\"wp-block-column is-layout-flow wp-block-column-is-layout-flow\">\n<div class=\"wp-block-image\"><figure class=\"aligncenter size-full is-resized\"><img loading=\"lazy\" decoding=\"async\" src=\"http:\/\/www.happycamperlapalma.com\/wp-content\/uploads\/2022\/02\/icono-cocina-completa.png\" alt=\"\" class=\"wp-image-858\" width=\"49\" height=\"49\" srcset=\"https:\/\/www.happycamperlapalma.com\/wp-content\/uploads\/2022\/02\/icono-cocina-completa.png 512w, https:\/\/www.happycamperlapalma.com\/wp-content\/uploads\/2022\/02\/icono-cocina-completa-300x300.png 300w, https:\/\/www.happycamperlapalma.com\/wp-content\/uploads\/2022\/02\/icono-cocina-completa-150x150.png 150w, https:\/\/www.happycamperlapalma.com\/wp-content\/uploads\/2022\/02\/icono-cocina-completa-100x100.png 100w\" sizes=\"auto, (max-width: 49px) 100vw, 49px\" \/><\/figure><\/div>\n\n\n\n<p class=\"has-text-align-center has-small-font-size\">Full kitchen with utensils and cleaning kit<\/p>\n<\/div>\n\n\n\n<div class=\"wp-block-column is-layout-flow wp-block-column-is-layout-flow\">\n<div class=\"wp-block-image\"><figure class=\"aligncenter size-large is-resized\"><img loading=\"lazy\" decoding=\"async\" src=\"http:\/\/www.happycamperlapalma.com\/wp-content\/uploads\/2022\/02\/icono-bano-completo-1024x538.png\" alt=\"\" class=\"wp-image-1057\" width=\"94\" height=\"49\" srcset=\"https:\/\/www.happycamperlapalma.com\/wp-content\/uploads\/2022\/02\/icono-bano-completo-1024x538.png 1024w, https:\/\/www.happycamperlapalma.com\/wp-content\/uploads\/2022\/02\/icono-bano-completo-300x158.png 300w, https:\/\/www.happycamperlapalma.com\/wp-content\/uploads\/2022\/02\/icono-bano-completo-768x403.png 768w, https:\/\/www.happycamperlapalma.com\/wp-content\/uploads\/2022\/02\/icono-bano-completo.png 1200w\" sizes=\"auto, (max-width: 94px) 100vw, 94px\" \/><\/figure><\/div>\n\n\n\n<p class=\"has-text-align-center has-small-font-size\">Bathroom with WC, shower, sink and hot water<\/p>\n<\/div>\n<\/div>\n<\/div>\n\n\n\n<div class=\"wp-block-column is-layout-flow wp-block-column-is-layout-flow\">\n<div class=\"wp-block-columns is-layout-flex wp-container-core-columns-is-layout-3 wp-block-columns-is-layout-flex\">\n<div class=\"wp-block-column is-layout-flow wp-block-column-is-layout-flow\">\n<div class=\"wp-block-image\"><figure class=\"aligncenter size-full is-resized\"><img loading=\"lazy\" decoding=\"async\" src=\"http:\/\/www.happycamperlapalma.com\/wp-content\/uploads\/2022\/02\/mesa-y-sillas.png\" alt=\"\" class=\"wp-image-861\" width=\"55\" height=\"55\" srcset=\"https:\/\/www.happycamperlapalma.com\/wp-content\/uploads\/2022\/02\/mesa-y-sillas.png 512w, https:\/\/www.happycamperlapalma.com\/wp-content\/uploads\/2022\/02\/mesa-y-sillas-300x300.png 300w, https:\/\/www.happycamperlapalma.com\/wp-content\/uploads\/2022\/02\/mesa-y-sillas-150x150.png 150w, https:\/\/www.happycamperlapalma.com\/wp-content\/uploads\/2022\/02\/mesa-y-sillas-100x100.png 100w\" sizes=\"auto, (max-width: 55px) 100vw, 55px\" \/><\/figure><\/div>\n\n\n\n<p class=\"has-text-align-center has-small-font-size\">Extendable table and swivel seats<\/p>\n<\/div>\n\n\n\n<div class=\"wp-block-column is-layout-flow wp-block-column-is-layout-flow\">\n<div class=\"wp-block-image\"><figure class=\"aligncenter size-full is-resized\"><img loading=\"lazy\" decoding=\"async\" src=\"http:\/\/www.happycamperlapalma.com\/wp-content\/uploads\/2022\/02\/mapas.png\" alt=\"\" class=\"wp-image-860\" width=\"49\" height=\"49\" srcset=\"https:\/\/www.happycamperlapalma.com\/wp-content\/uploads\/2022\/02\/mapas.png 512w, https:\/\/www.happycamperlapalma.com\/wp-content\/uploads\/2022\/02\/mapas-300x300.png 300w, https:\/\/www.happycamperlapalma.com\/wp-content\/uploads\/2022\/02\/mapas-150x150.png 150w, https:\/\/www.happycamperlapalma.com\/wp-content\/uploads\/2022\/02\/mapas-100x100.png 100w\" sizes=\"auto, (max-width: 49px) 100vw, 49px\" \/><\/figure><\/div>\n\n\n\n<p class=\"has-text-align-center has-small-font-size\">Maps and local recommendations<\/p>\n<\/div>\n<\/div>\n\n\n\n<div class=\"wp-block-buttons is-content-justification-right is-layout-flex wp-container-core-buttons-is-layout-1 wp-block-buttons-is-layout-flex\">\n<div class=\"wp-block-button alignright has-custom-font-size is-style-outline is-style-outline--1\" style=\"font-size:10px\"><a class=\"wp-block-button__link\" href=\"https:\/\/www.happycamperlapalma.com\/en\/nuestras-campers\/\">See complete equipment<\/a><\/div>\n<\/div>\n<\/div>\n<\/div>\n<\/div>\n<\/div>\n\n\n\n<figure class=\"wp-block-gallery aligncenter has-nested-images columns-3 is-cropped wp-block-gallery-2 is-layout-flex wp-block-gallery-is-layout-flex\">\n<figure class=\"wp-block-image size-large is-style-default\"><a href=\"https:\/\/www.happycamperlapalma.com\/wp-content\/uploads\/2022\/02\/11.-web-scaled.jpg\"><img loading=\"lazy\" decoding=\"async\" width=\"2560\" height=\"1709\" data-id=\"707\" src=\"http:\/\/www.happycamperlapalma.com\/wp-content\/uploads\/2022\/02\/11.-web-scaled.jpg\" alt=\"\" class=\"wp-image-707\" srcset=\"https:\/\/www.happycamperlapalma.com\/wp-content\/uploads\/2022\/02\/11.-web-scaled.jpg 2560w, https:\/\/www.happycamperlapalma.com\/wp-content\/uploads\/2022\/02\/11.-web-300x200.jpg 300w, https:\/\/www.happycamperlapalma.com\/wp-content\/uploads\/2022\/02\/11.-web-1024x684.jpg 1024w, https:\/\/www.happycamperlapalma.com\/wp-content\/uploads\/2022\/02\/11.-web-768x513.jpg 768w, https:\/\/www.happycamperlapalma.com\/wp-content\/uploads\/2022\/02\/11.-web-1536x1025.jpg 1536w, https:\/\/www.happycamperlapalma.com\/wp-content\/uploads\/2022\/02\/11.-web-2048x1367.jpg 2048w\" sizes=\"auto, (max-width: 706px) 89vw, (max-width: 767px) 82vw, 740px\" \/><\/a><\/figure>\n\n\n\n<figure class=\"wp-block-image size-large is-style-default\"><a href=\"https:\/\/www.happycamperlapalma.com\/wp-content\/uploads\/2022\/02\/15-scaled.jpg\"><img loading=\"lazy\" decoding=\"async\" width=\"2560\" height=\"1709\" data-id=\"713\" src=\"http:\/\/www.happycamperlapalma.com\/wp-content\/uploads\/2022\/02\/15-scaled.jpg\" alt=\"\" class=\"wp-image-713\" srcset=\"https:\/\/www.happycamperlapalma.com\/wp-content\/uploads\/2022\/02\/15-scaled.jpg 2560w, https:\/\/www.happycamperlapalma.com\/wp-content\/uploads\/2022\/02\/15-300x200.jpg 300w, https:\/\/www.happycamperlapalma.com\/wp-content\/uploads\/2022\/02\/15-1024x684.jpg 1024w, https:\/\/www.happycamperlapalma.com\/wp-content\/uploads\/2022\/02\/15-768x513.jpg 768w, https:\/\/www.happycamperlapalma.com\/wp-content\/uploads\/2022\/02\/15-1536x1025.jpg 1536w, https:\/\/www.happycamperlapalma.com\/wp-content\/uploads\/2022\/02\/15-2048x1367.jpg 2048w\" sizes=\"auto, (max-width: 706px) 89vw, (max-width: 767px) 82vw, 740px\" \/><\/a><\/figure>\n\n\n\n<figure class=\"wp-block-image size-large\"><a href=\"https:\/\/www.happycamperlapalma.com\/wp-content\/uploads\/2023\/01\/GIO_9008-scaled.jpg\"><img loading=\"lazy\" decoding=\"async\" width=\"1024\" height=\"684\" data-id=\"1195\" src=\"https:\/\/www.happycamperlapalma.com\/wp-content\/uploads\/2023\/01\/GIO_9008-1024x684.jpg\" alt=\"\" class=\"wp-image-1195\" srcset=\"https:\/\/www.happycamperlapalma.com\/wp-content\/uploads\/2023\/01\/GIO_9008-1024x684.jpg 1024w, https:\/\/www.happycamperlapalma.com\/wp-content\/uploads\/2023\/01\/GIO_9008-300x200.jpg 300w, https:\/\/www.happycamperlapalma.com\/wp-content\/uploads\/2023\/01\/GIO_9008-768x513.jpg 768w, https:\/\/www.happycamperlapalma.com\/wp-content\/uploads\/2023\/01\/GIO_9008-1536x1025.jpg 1536w, https:\/\/www.happycamperlapalma.com\/wp-content\/uploads\/2023\/01\/GIO_9008-2048x1367.jpg 2048w, https:\/\/www.happycamperlapalma.com\/wp-content\/uploads\/2023\/01\/GIO_9008-18x12.jpg 18w\" sizes=\"auto, (max-width: 706px) 89vw, (max-width: 767px) 82vw, 740px\" \/><\/a><\/figure>\n\n\n\n<figure class=\"wp-block-image size-large is-style-default\"><a href=\"https:\/\/www.happycamperlapalma.com\/wp-content\/uploads\/2022\/02\/16-scaled.jpg\"><img loading=\"lazy\" decoding=\"async\" width=\"2560\" height=\"1709\" data-id=\"711\" src=\"http:\/\/www.happycamperlapalma.com\/wp-content\/uploads\/2022\/02\/16-scaled.jpg\" alt=\"\" class=\"wp-image-711\" srcset=\"https:\/\/www.happycamperlapalma.com\/wp-content\/uploads\/2022\/02\/16-scaled.jpg 2560w, https:\/\/www.happycamperlapalma.com\/wp-content\/uploads\/2022\/02\/16-300x200.jpg 300w, https:\/\/www.happycamperlapalma.com\/wp-content\/uploads\/2022\/02\/16-1024x684.jpg 1024w, https:\/\/www.happycamperlapalma.com\/wp-content\/uploads\/2022\/02\/16-768x513.jpg 768w, https:\/\/www.happycamperlapalma.com\/wp-content\/uploads\/2022\/02\/16-1536x1025.jpg 1536w, https:\/\/www.happycamperlapalma.com\/wp-content\/uploads\/2022\/02\/16-2048x1367.jpg 2048w\" sizes=\"auto, (max-width: 706px) 89vw, (max-width: 767px) 82vw, 740px\" \/><\/a><\/figure>\n\n\n\n<figure class=\"wp-block-image size-large is-style-default\"><a href=\"https:\/\/www.happycamperlapalma.com\/wp-content\/uploads\/2022\/02\/12-scaled.jpg\"><img loading=\"lazy\" decoding=\"async\" width=\"2560\" height=\"1709\" data-id=\"706\" src=\"http:\/\/www.happycamperlapalma.com\/wp-content\/uploads\/2022\/02\/12-scaled.jpg\" alt=\"\" class=\"wp-image-706\" srcset=\"https:\/\/www.happycamperlapalma.com\/wp-content\/uploads\/2022\/02\/12-scaled.jpg 2560w, https:\/\/www.happycamperlapalma.com\/wp-content\/uploads\/2022\/02\/12-300x200.jpg 300w, https:\/\/www.happycamperlapalma.com\/wp-content\/uploads\/2022\/02\/12-1024x684.jpg 1024w, https:\/\/www.happycamperlapalma.com\/wp-content\/uploads\/2022\/02\/12-768x513.jpg 768w, https:\/\/www.happycamperlapalma.com\/wp-content\/uploads\/2022\/02\/12-1536x1025.jpg 1536w, https:\/\/www.happycamperlapalma.com\/wp-content\/uploads\/2022\/02\/12-2048x1367.jpg 2048w\" sizes=\"auto, (max-width: 706px) 89vw, (max-width: 767px) 82vw, 740px\" \/><\/a><\/figure>\n\n\n\n<figure class=\"wp-block-image size-large is-style-default\"><a href=\"https:\/\/www.happycamperlapalma.com\/wp-content\/uploads\/2022\/02\/14-scaled.jpg\"><img loading=\"lazy\" decoding=\"async\" width=\"2560\" height=\"1709\" data-id=\"704\" src=\"http:\/\/www.happycamperlapalma.com\/wp-content\/uploads\/2022\/02\/14-scaled.jpg\" alt=\"\" class=\"wp-image-704\" srcset=\"https:\/\/www.happycamperlapalma.com\/wp-content\/uploads\/2022\/02\/14-scaled.jpg 2560w, https:\/\/www.happycamperlapalma.com\/wp-content\/uploads\/2022\/02\/14-300x200.jpg 300w, https:\/\/www.happycamperlapalma.com\/wp-content\/uploads\/2022\/02\/14-1024x684.jpg 1024w, https:\/\/www.happycamperlapalma.com\/wp-content\/uploads\/2022\/02\/14-768x513.jpg 768w, https:\/\/www.happycamperlapalma.com\/wp-content\/uploads\/2022\/02\/14-1536x1025.jpg 1536w, https:\/\/www.happycamperlapalma.com\/wp-content\/uploads\/2022\/02\/14-2048x1367.jpg 2048w\" sizes=\"auto, (max-width: 706px) 89vw, (max-width: 767px) 82vw, 740px\" \/><\/a><\/figure>\n\n\n\n<figure class=\"wp-block-image size-large is-style-default\"><a href=\"https:\/\/www.happycamperlapalma.com\/wp-content\/uploads\/2022\/02\/13-scaled.jpg\"><img loading=\"lazy\" decoding=\"async\" width=\"2560\" height=\"1709\" data-id=\"705\" src=\"http:\/\/www.happycamperlapalma.com\/wp-content\/uploads\/2022\/02\/13-scaled.jpg\" alt=\"\" class=\"wp-image-705\" srcset=\"https:\/\/www.happycamperlapalma.com\/wp-content\/uploads\/2022\/02\/13-scaled.jpg 2560w, https:\/\/www.happycamperlapalma.com\/wp-content\/uploads\/2022\/02\/13-300x200.jpg 300w, https:\/\/www.happycamperlapalma.com\/wp-content\/uploads\/2022\/02\/13-1024x684.jpg 1024w, https:\/\/www.happycamperlapalma.com\/wp-content\/uploads\/2022\/02\/13-768x513.jpg 768w, https:\/\/www.happycamperlapalma.com\/wp-content\/uploads\/2022\/02\/13-1536x1025.jpg 1536w, https:\/\/www.happycamperlapalma.com\/wp-content\/uploads\/2022\/02\/13-2048x1367.jpg 2048w\" sizes=\"auto, (max-width: 706px) 89vw, (max-width: 767px) 82vw, 740px\" \/><\/a><\/figure>\n\n\n\n<figure class=\"wp-block-image size-large\"><a href=\"https:\/\/www.happycamperlapalma.com\/wp-content\/uploads\/2023\/01\/GIO_9209-scaled.jpg\"><img loading=\"lazy\" decoding=\"async\" width=\"1024\" height=\"684\" data-id=\"1194\" src=\"https:\/\/www.happycamperlapalma.com\/wp-content\/uploads\/2023\/01\/GIO_9209-1024x684.jpg\" alt=\"\" class=\"wp-image-1194\" srcset=\"https:\/\/www.happycamperlapalma.com\/wp-content\/uploads\/2023\/01\/GIO_9209-1024x684.jpg 1024w, https:\/\/www.happycamperlapalma.com\/wp-content\/uploads\/2023\/01\/GIO_9209-300x200.jpg 300w, https:\/\/www.happycamperlapalma.com\/wp-content\/uploads\/2023\/01\/GIO_9209-768x513.jpg 768w, https:\/\/www.happycamperlapalma.com\/wp-content\/uploads\/2023\/01\/GIO_9209-1536x1025.jpg 1536w, https:\/\/www.happycamperlapalma.com\/wp-content\/uploads\/2023\/01\/GIO_9209-2048x1367.jpg 2048w, https:\/\/www.happycamperlapalma.com\/wp-content\/uploads\/2023\/01\/GIO_9209-18x12.jpg 18w\" sizes=\"auto, (max-width: 706px) 89vw, (max-width: 767px) 82vw, 740px\" \/><\/a><\/figure>\n\n\n\n<figure class=\"wp-block-image size-full is-style-default\"><a href=\"https:\/\/www.happycamperlapalma.com\/wp-content\/uploads\/2022\/02\/3.-web-scaled.jpg\"><img loading=\"lazy\" decoding=\"async\" width=\"2560\" height=\"1709\" data-id=\"717\" src=\"http:\/\/www.happycamperlapalma.com\/wp-content\/uploads\/2022\/02\/3.-web-scaled.jpg\" alt=\"\" class=\"wp-image-717\" srcset=\"https:\/\/www.happycamperlapalma.com\/wp-content\/uploads\/2022\/02\/3.-web-scaled.jpg 2560w, https:\/\/www.happycamperlapalma.com\/wp-content\/uploads\/2022\/02\/3.-web-300x200.jpg 300w, https:\/\/www.happycamperlapalma.com\/wp-content\/uploads\/2022\/02\/3.-web-1024x684.jpg 1024w, https:\/\/www.happycamperlapalma.com\/wp-content\/uploads\/2022\/02\/3.-web-768x513.jpg 768w, https:\/\/www.happycamperlapalma.com\/wp-content\/uploads\/2022\/02\/3.-web-1536x1025.jpg 1536w, https:\/\/www.happycamperlapalma.com\/wp-content\/uploads\/2022\/02\/3.-web-2048x1367.jpg 2048w\" sizes=\"auto, (max-width: 706px) 89vw, (max-width: 767px) 82vw, 740px\" \/><\/a><\/figure>\n\n\n\n<figure class=\"wp-block-image size-large\"><a href=\"https:\/\/www.happycamperlapalma.com\/wp-content\/uploads\/2023\/01\/GIO_9235-scaled.jpg\"><img loading=\"lazy\" decoding=\"async\" width=\"1024\" height=\"684\" data-id=\"1196\" src=\"https:\/\/www.happycamperlapalma.com\/wp-content\/uploads\/2023\/01\/GIO_9235-1024x684.jpg\" alt=\"\" class=\"wp-image-1196\" srcset=\"https:\/\/www.happycamperlapalma.com\/wp-content\/uploads\/2023\/01\/GIO_9235-1024x684.jpg 1024w, https:\/\/www.happycamperlapalma.com\/wp-content\/uploads\/2023\/01\/GIO_9235-300x200.jpg 300w, https:\/\/www.happycamperlapalma.com\/wp-content\/uploads\/2023\/01\/GIO_9235-768x513.jpg 768w, https:\/\/www.happycamperlapalma.com\/wp-content\/uploads\/2023\/01\/GIO_9235-1536x1025.jpg 1536w, https:\/\/www.happycamperlapalma.com\/wp-content\/uploads\/2023\/01\/GIO_9235-2048x1367.jpg 2048w, https:\/\/www.happycamperlapalma.com\/wp-content\/uploads\/2023\/01\/GIO_9235-18x12.jpg 18w\" sizes=\"auto, (max-width: 706px) 89vw, (max-width: 767px) 82vw, 740px\" \/><\/a><\/figure>\n<\/figure>\n\n\n\n<div class=\"wp-block-buttons is-content-justification-right is-layout-flex wp-container-core-buttons-is-layout-2 wp-block-buttons-is-layout-flex\">\n<div class=\"wp-block-button alignright has-custom-font-size is-style-outline is-style-outline--3\" style=\"font-size:10px\"><a class=\"wp-block-button__link\" href=\"http:\/\/www.happycamperlapalma.com\/en\/galeria-de-fotos-completa\/\">See full photo gallery<\/a><\/div>\n<\/div>\n\n\n\n<p><\/p>","protected":false},"excerpt":{"rendered":"<p>Vive la Isla Bonita desde una CAMPER LA LIBERTAD A TU ALCANCE Si te gusta viajar sin reloj, improvisar tu ruta y disfrutar de la Naturaleza \u00a1prueba la Happy Camper! EQUIPAMIENTO B\u00c1SICO 4 Plazas con cintur\u00f3n, traseras con sistema Isofix 3-4 Plazas en cama (*consultar) Cocina completa con menaje y kit de limpieza Ba\u00f1o con &hellip; <\/p>\n<p class=\"link-more\"><a href=\"https:\/\/www.happycamperlapalma.com\/en\/\" class=\"more-link\">Continue reading<span class=\"screen-reader-text\"> \u00abINICIO\u00bb<\/span><\/a><\/p>","protected":false},"author":1,"featured_media":0,"parent":0,"menu_order":0,"comment_status":"closed","ping_status":"closed","template":"template-full-width.php","meta":{"footnotes":""},"class_list":["post-19","page","type-page","status-publish","hentry"],"_links":{"self":[{"href":"https:\/\/www.happycamperlapalma.com\/en\/wp-json\/wp\/v2\/pages\/19","targetHints":{"allow":["GET"]}}],"collection":[{"href":"https:\/\/www.happycamperlapalma.com\/en\/wp-json\/wp\/v2\/pages"}],"about":[{"href":"https:\/\/www.happycamperlapalma.com\/en\/wp-json\/wp\/v2\/types\/page"}],"author":[{"embeddable":true,"href":"https:\/\/www.happycamperlapalma.com\/en\/wp-json\/wp\/v2\/users\/1"}],"replies":[{"embeddable":true,"href":"https:\/\/www.happycamperlapalma.com\/en\/wp-json\/wp\/v2\/comments?post=19"}],"version-history":[{"count":46,"href":"https:\/\/www.happycamperlapalma.com\/en\/wp-json\/wp\/v2\/pages\/19\/revisions"}],"predecessor-version":[{"id":1249,"href":"https:\/\/www.happycamperlapalma.com\/en\/wp-json\/wp\/v2\/pages\/19\/revisions\/1249"}],"wp:attachment":[{"href":"https:\/\/www.happycamperlapalma.com\/en\/wp-json\/wp\/v2\/media?parent=19"}],"curies":[{"name":"wp","href":"https:\/\/api.w.org\/{rel}","templated":true}]}}