{"id":199,"date":"2018-02-21T12:55:49","date_gmt":"2018-02-21T12:55:49","guid":{"rendered":"http:\/\/lapalmaecuestre.sodepal.info\/?page_id=199"},"modified":"2022-02-17T12:19:39","modified_gmt":"2022-02-17T12:19:39","slug":"aviso-legal","status":"publish","type":"page","link":"https:\/\/www.happycamperlapalma.com\/en\/aviso-legal\/","title":{"rendered":"Legal Notice"},"content":{"rendered":"<p><strong>DATOS IDENTIFICATIVOS<\/strong>: En cumplimiento con el deber de informaci\u00f3n recogido en art\u00edculo 10 de la Ley 34\/2002, de 11 de julio, de Servicios de la Sociedad de la Informaci\u00f3n y del Comercio Electr\u00f3nico, a continuaci\u00f3n se reflejan los siguientes datos:<\/p>\n\n\n\n<p><strong>HAPPY CAMPER LA PALMA, SL.<\/strong>, con sus dominios www.happycamperlapalma.com, www.happycamperlapalma.es, CIF B16701039, &nbsp;con domicilio en Calle Nogales 5, 4\u00ba izquierda y correo electr\u00f3nico <a href=\"mailto:hola@happycamperlapalma.com\">hola@happycamperlapalma.com<\/a><\/p>\n\n\n\n<p><a href=\"http:\/\/www.happycamperlapalma.com\/en\/contacto\/\">F<\/a><a rel=\"noreferrer noopener\" href=\"https:\/\/www.viviendasvacacionaleslapalma.com\/contacto\/\" target=\"_blank\">ormulario de contacto<\/a><\/p>\n\n\n\n<p><strong>USUARIOS<\/strong>: El acceso y\/o uso de los portales de&nbsp;<strong>HAPPY CAMPER LA PALMA<\/strong> atribuye la condici\u00f3n de USUARIO, que acepta, desde dicho acceso y\/o uso, las Condiciones Generales de Uso aqu\u00ed reflejadas. Las citadas Condiciones ser\u00e1n de aplicaci\u00f3n independientemente de las Condiciones Generales de Contrataci\u00f3n que en su caso resulten de obligado cumplimiento.<\/p>\n\n\n\n<p><strong>USO DEL PORTAL<\/strong>: el Site de&nbsp;<strong>HAPPY CAMPER LA PALMA<\/strong> proporciona el acceso a multitud de informaciones, servicios, programas o datos (en adelante, \u201clos contenidos\u201d) en Internet pertenecientes a&nbsp;<strong>HAPPY CAMPER LA PALMA<\/strong> o a sus licenciantes, a los que el USUARIO puede tener acceso. El USUARIO asume la responsabilidad del uso del Site. Dicha responsabilidad se extiende al registro que fuese necesario para acceder a determinados servicios o contenidos. En dicho registro el USUARIO ser\u00e1 responsable de aportar informaci\u00f3n veraz y l\u00edcita. Como consecuencia de este registro, al USUARIO se le puede proporcionar una contrase\u00f1a de la que ser\u00e1 responsable, comprometi\u00e9ndose a hacer un uso diligente y confidencial de la misma. El USUARIO se compromete a hacer un uso adecuado de los contenidos y servicios&nbsp; que&nbsp;<strong>HAPPY CAMPER LA PALMA<\/strong> ofrece a trav\u00e9s de su Site y con car\u00e1cter enunciativo pero no limitativo, a no emplearlos para&nbsp; incurrir en actividades il\u00edcitas, ilegales o contrarias a la buena fe y al orden p\u00fablico; difundir contenidos o propaganda de car\u00e1cter racista, xen\u00f3fobo, pornogr\u00e1fico-ilegal, de apolog\u00eda del terrorismo o atentatorio contra los derechos humanos; provocar da\u00f1os en los sistemas f\u00edsicos y l\u00f3gicos de&nbsp;<strong>HAPPY CAMPER LA PALMA<\/strong>, de sus proveedores o de terceras personas, introducir o difundir en la red virus inform\u00e1ticos o cualesquiera otros sistemas f\u00edsicos o l\u00f3gicos que sean susceptibles de provocar los da\u00f1os anteriormente mencionados; intentar acceder y, en su caso, utilizar las cuentas de correo electr\u00f3nico de otros usuarios y modificar o manipular sus mensajes.&nbsp;<strong>HAPPY CAMPER LA PALMA<\/strong> se reserva el derecho de retirar todos aquellos comentarios y aportaciones que vulneren el respeto a la dignidad de la persona, que sean discriminatorios, xen\u00f3fobos, racistas, pornogr\u00e1ficos, que atenten contra la juventud o la infancia, el orden o la seguridad p\u00fablica o que, a su juicio, no resultaran adecuados para su publicaci\u00f3n. En cualquier caso,&nbsp;<strong>HAPPY CAMPER LA PALMA<\/strong>&nbsp;no ser\u00e1 responsable de las opiniones vertidas por los usuarios a trav\u00e9s de los comentarios, foros, chats, u otras herramientas de participaci\u00f3n.<\/p>\n\n\n\n<p><strong>PROPIEDAD INTELECTUAL E INDUSTRIAL<\/strong>:&nbsp;<strong>HAPPY CAMPER LA PALMA<\/strong>&nbsp;por s\u00ed o como cesionaria, es propietaria de todos los derechos de propiedad intelectual e industrial de sus p\u00e1ginas webs, as\u00ed como de los elementos contenidos en ellas (a t\u00edtulo enunciativo, im\u00e1genes, sonido, audio, v\u00eddeo, software o textos; marcas o logotipos, combinaciones de colores, estructura y dise\u00f1o, selecci\u00f3n de materiales usados, programas de ordenador necesarios para su funcionamiento, acceso y uso, etc.), titularidad de&nbsp;<strong>HAPPY CAMPER LA PALMA<\/strong>&nbsp;o bien de sus licenciantes. Todos los derechos reservados. En virtud de lo dispuesto en los art\u00edculos 8 y 32.1, p\u00e1rrafo segundo, de la Ley de Propiedad Intelectual, quedan expresamente prohibidas la reproducci\u00f3n, la distribuci\u00f3n y la comunicaci\u00f3n p\u00fablica, incluida su modalidad de puesta a disposici\u00f3n, de la totalidad o parte de los contenidos de esta p\u00e1gina web, con fines comerciales, en cualquier soporte y por cualquier medio t\u00e9cnico, sin la autorizaci\u00f3n de&nbsp;<strong>HAPPY CAMPER LA PALMA<\/strong> se compromete a respetar los derechos de Propiedad Intelectual e Industrial titularidad de&nbsp;<strong>HAPPY CAMPER LA PALMA<\/strong>. Podr\u00e1 visualizar los elementos del Site e incluso imprimirlos, copiarlos y almacenarlos en el disco duro de su ordenador o en cualquier otro soporte f\u00edsico siempre y cuando sea, \u00fanica y exclusivamente, para su uso personal y privado. El USUARIO deber\u00e1 abstenerse de suprimir, alterar, eludir o manipular cualquier dispositivo de protecci\u00f3n o sistema de seguridad que estuviera instalado en el las p\u00e1ginas de&nbsp;<strong>HAPPY CAMPER LA PALMA<\/strong><\/p>\n\n\n\n<p><strong>EXCLUSI\u00d3N DE GARANT\u00cdAS Y RESPONSABILIDAD<\/strong>:&nbsp;<strong>HAPPY CAMPER LA PALMA<\/strong>&nbsp;no se hace responsable, en ning\u00fan caso, de los da\u00f1os y perjuicios de cualquier naturaleza que pudieran ocasionar, a t\u00edtulo enunciativo: errores u omisiones en los contenidos, falta de disponibilidad del portal o la transmisi\u00f3n de virus o programas maliciosos o lesivos en los contenidos, a pesar de haber adoptado todas las medidas tecnol\u00f3gicas necesarias para evitarlo.<\/p>\n\n\n\n<p><strong>HAPPY CAMPER LA PALMA<\/strong> tiene un car\u00e1cter divulgativo e informativo y pretende poner a disposici\u00f3n de cualquier persona interesada informaci\u00f3n sobre nuestra furgoneta Camper de Uso Vacacional en La Isla de La Palma. No obstante, es preciso puntualizar lo siguiente:<\/p>\n\n\n\n<ul class=\"wp-block-list\"><li>Se facilitan v\u00ednculos a p\u00e1ginas externas, en direcciones de inter\u00e9s y otras direcciones, sobre las que&nbsp;<strong>HAPPY CAMPER LA PALMA<\/strong> no tiene control alguno, y respecto de las cuales declina toda responsabilidad.<\/li><\/ul>\n\n\n\n<p><strong>MODIFICACIONES<\/strong>:&nbsp;<strong>HAPPY CAMPER LA PALMA<\/strong> se reserva el derecho de efectuar sin previo aviso las modificaciones que considere oportunas en su Site, pudiendo cambiar, suprimir o a\u00f1adir tanto los contenidos y servicios que se presten a trav\u00e9s de la misma como la forma en la que \u00e9stos aparezcan presentados o localizados en su Site.<\/p>\n\n\n\n<p><strong>ENLACES<\/strong>: En el caso de que en el Site se dispusiesen enlaces o hiperv\u00ednculos hac\u00eda otros sitios de Internet,&nbsp;<strong>HAPPY CAMPER LA PALMA<\/strong> no ejercer\u00e1 ning\u00fan tipo de control sobre dichos sitios y contenidos. En ning\u00fan caso&nbsp;<strong>HAPPY CAMPER LA PALMA<\/strong>&nbsp;asumir\u00e1 responsabilidad alguna por los contenidos de alg\u00fan enlace perteneciente a un sitio web ajeno, ni garantizar\u00e1 la disponibilidad t\u00e9cnica, calidad, fiabilidad, exactitud, amplitud, veracidad, validez y constitucionalidad de cualquier material o informaci\u00f3n contenida en ninguno de dichos hiperv\u00ednculos u otros sitios de Internet. Igualmente la inclusi\u00f3n de estas conexiones externas no implicar\u00e1 ning\u00fan tipo de asociaci\u00f3n, fusi\u00f3n o participaci\u00f3n con las entidades conectadas.<\/p>\n\n\n\n<p><strong>DERECHO DE EXCLUSI\u00d3N<\/strong>:&nbsp;<strong>HAPPY CAMPER LA PALMA<\/strong> se reserva el derecho a denegar o retirar el acceso a su Site y\/o los servicios ofrecidos sin necesidad de preaviso, a instancia propia o de un tercero, a aquellos usuarios que incumplan las presentes Condiciones Generales de Uso.<\/p>\n\n\n\n<p><strong>GENERALIDADES<\/strong>:&nbsp;<strong>HAPPY CAMPER LA PALMA<\/strong> perseguir\u00e1 el incumplimiento de las presentes condiciones as\u00ed como cualquier utilizaci\u00f3n indebida de su Site ejerciendo todas las acciones civiles y penales que le puedan corresponder en derecho.<\/p>\n\n\n\n<p><strong>MODIFICACI\u00d3N DE LAS PRESENTES CONDICIONES Y DURACI\u00d3N<\/strong>:&nbsp;<strong>HAPPY CAMPER LA PALMA<\/strong>&nbsp;podr\u00e1 modificar en cualquier momento las condiciones aqu\u00ed determinadas, siendo debidamente publicadas como aqu\u00ed aparecen. La vigencia de las citadas condiciones ir\u00e1 en funci\u00f3n de su exposici\u00f3n y estar\u00e1n vigentes hasta que sean modificadas por otras debidamente publicadas.<\/p>\n\n\n\n<p><strong>LEGISLACI\u00d3N APLICABLE Y JURISDICCI\u00d3N<\/strong>: La relaci\u00f3n entre&nbsp;<strong>HAPPY CAMPER LA PALMA<\/strong> y el USUARIO se regir\u00e1 por la normativa espa\u00f1ola vigente y cualquier controversia se someter\u00e1 a los Juzgados y tribunales de Santa Cruz de La Palma.<\/p>\n\n\n\n<p>Para cualquier sugerencia o propuesta de colaboraci\u00f3n escr\u00edbanos por correo electr\u00f3nico a:&nbsp;<a href=\"mailto:hola@happycamperlapalma.com\"><strong>hola@happycamperlapalma.com<\/strong><\/a><strong><\/strong><\/p>","protected":false},"excerpt":{"rendered":"<p>DATOS IDENTIFICATIVOS: En cumplimiento con el deber de informaci\u00f3n recogido en art\u00edculo 10 de la Ley 34\/2002, de 11 de julio, de Servicios de la Sociedad de la Informaci\u00f3n y del Comercio Electr\u00f3nico, a continuaci\u00f3n se reflejan los siguientes datos: HAPPY CAMPER LA PALMA, SL., con sus dominios www.happycamperlapalma.com, www.happycamperlapalma.es, CIF B16701039, &nbsp;con domicilio en &hellip; <\/p>\n<p class=\"link-more\"><a href=\"https:\/\/www.happycamperlapalma.com\/en\/aviso-legal\/\" class=\"more-link\">Continue reading<span class=\"screen-reader-text\"> \u00abAviso Legal\u00bb<\/span><\/a><\/p>","protected":false},"author":1,"featured_media":0,"parent":0,"menu_order":0,"comment_status":"closed","ping_status":"closed","template":"template-full-width.php","meta":{"footnotes":""},"class_list":["post-199","page","type-page","status-publish","hentry"],"_links":{"self":[{"href":"https:\/\/www.happycamperlapalma.com\/en\/wp-json\/wp\/v2\/pages\/199","targetHints":{"allow":["GET"]}}],"collection":[{"href":"https:\/\/www.happycamperlapalma.com\/en\/wp-json\/wp\/v2\/pages"}],"about":[{"href":"https:\/\/www.happycamperlapalma.com\/en\/wp-json\/wp\/v2\/types\/page"}],"author":[{"embeddable":true,"href":"https:\/\/www.happycamperlapalma.com\/en\/wp-json\/wp\/v2\/users\/1"}],"replies":[{"embeddable":true,"href":"https:\/\/www.happycamperlapalma.com\/en\/wp-json\/wp\/v2\/comments?post=199"}],"version-history":[{"count":4,"href":"https:\/\/www.happycamperlapalma.com\/en\/wp-json\/wp\/v2\/pages\/199\/revisions"}],"predecessor-version":[{"id":1081,"href":"https:\/\/www.happycamperlapalma.com\/en\/wp-json\/wp\/v2\/pages\/199\/revisions\/1081"}],"wp:attachment":[{"href":"https:\/\/www.happycamperlapalma.com\/en\/wp-json\/wp\/v2\/media?parent=199"}],"curies":[{"name":"wp","href":"https:\/\/api.w.org\/{rel}","templated":true}]}}