{"id":558,"date":"2021-09-04T13:57:03","date_gmt":"2021-09-04T13:57:03","guid":{"rendered":"http:\/\/www.happycamperlapalma.com\/?page_id=558"},"modified":"2023-01-30T20:37:34","modified_gmt":"2023-01-30T20:37:34","slug":"etrusco","status":"publish","type":"page","link":"https:\/\/www.happycamperlapalma.com\/en\/etrusco\/","title":{"rendered":"NUESTRA CAMPER  ETRUSCO AL DETALLE"},"content":{"rendered":"<p class=\"has-text-align-center\" style=\"font-size:29px\"><strong>See everything you can do in your Happy Camper<\/strong><\/p>\n\n\n\n<div class=\"wp-block-columns is-layout-flex wp-container-core-columns-is-layout-1 wp-block-columns-is-layout-flex\">\n<div class=\"wp-block-column is-layout-flow wp-block-column-is-layout-flow\">\n<figure class=\"wp-block-image size-large is-resized\"><img loading=\"lazy\" decoding=\"async\" src=\"http:\/\/www.happycamperlapalma.com\/wp-content\/uploads\/2022\/02\/happy-camper-la-palma-fiat-laika-etrusco-600db-925x1024.png\" alt=\"\" class=\"wp-image-894\" width=\"446\" height=\"492\"\/><\/figure>\n<\/div>\n\n\n\n<div class=\"wp-block-column is-layout-flow wp-block-column-is-layout-flow\">\n<figure class=\"wp-block-image size-large is-resized\"><img loading=\"lazy\" decoding=\"async\" src=\"http:\/\/www.happycamperlapalma.com\/wp-content\/uploads\/2022\/02\/equipamiento-basico-happy-camper-la-palma-925x1024.png\" alt=\"\" class=\"wp-image-896\" width=\"461\" height=\"511\" srcset=\"https:\/\/www.happycamperlapalma.com\/wp-content\/uploads\/2022\/02\/equipamiento-basico-happy-camper-la-palma-925x1024.png 925w, https:\/\/www.happycamperlapalma.com\/wp-content\/uploads\/2022\/02\/equipamiento-basico-happy-camper-la-palma-271x300.png 271w, https:\/\/www.happycamperlapalma.com\/wp-content\/uploads\/2022\/02\/equipamiento-basico-happy-camper-la-palma-768x851.png 768w, https:\/\/www.happycamperlapalma.com\/wp-content\/uploads\/2022\/02\/equipamiento-basico-happy-camper-la-palma-1387x1536.png 1387w, https:\/\/www.happycamperlapalma.com\/wp-content\/uploads\/2022\/02\/equipamiento-basico-happy-camper-la-palma.png 1413w\" sizes=\"auto, (max-width: 461px) 100vw, 461px\" \/><\/figure>\n<\/div>\n<\/div>\n\n\n\n<p class=\"has-text-align-center has-large-font-size\"><strong>EQUIPMENT<\/strong><\/p>\n\n\n\n<div class=\"wp-block-columns is-layout-flex wp-container-core-columns-is-layout-2 wp-block-columns-is-layout-flex\">\n<div class=\"wp-block-column is-layout-flow wp-block-column-is-layout-flow\">\n<ul class=\"wp-block-list\"><li>Solar panel<\/li><\/ul>\n\n\n\n<ul class=\"wp-block-list\"><li>Current 220V<\/li><\/ul>\n\n\n\n<ul class=\"wp-block-list\"><li>Outside awning<\/li><\/ul>\n\n\n\n<ul class=\"wp-block-list\"><li>Screen door<\/li><\/ul>\n\n\n\n<ul class=\"wp-block-list\"><li>Heating<\/li><\/ul>\n\n\n\n<ul class=\"wp-block-list\"><li>Rear camera<\/li><\/ul>\n\n\n\n<ul class=\"wp-block-list\"><li>Rear seats with Isofix system<\/li><\/ul>\n\n\n\n<ul class=\"wp-block-list\"><li>LED lighting<\/li><\/ul>\n\n\n\n<ul class=\"wp-block-list\"><li>Multimedia Equipment<\/li><\/ul>\n\n\n\n<ul class=\"wp-block-list\"><li>Television<\/li><\/ul>\n\n\n\n<ul class=\"wp-block-list\"><li>1 double USB socket<\/li><\/ul>\n\n\n\n<ul class=\"wp-block-list\"><li>3 230V sockets<\/li><\/ul>\n\n\n\n<ul class=\"wp-block-list\"><li>1 12V plug<\/li><\/ul>\n<\/div>\n\n\n\n<div class=\"wp-block-column is-layout-flow wp-block-column-is-layout-flow\">\n<ul class=\"wp-block-list\"><li>Complete kitchenware<\/li><\/ul>\n\n\n\n<ul class=\"wp-block-list\"><li>Cleaning kit (broom, vacuum cleaner, cloth and products)<\/li><\/ul>\n\n\n\n<ul class=\"wp-block-list\"><li>Outdoor table and chairs<\/li><\/ul>\n\n\n\n<ul class=\"wp-block-list\"><li>Sheets and towels<\/li><\/ul>\n\n\n\n<ul class=\"wp-block-list\"><li>Internal height 1.90 m<\/li><\/ul>\n\n\n\n<ul class=\"wp-block-list\"><li>1.57 x 1.97 bed<\/li><\/ul>\n\n\n\n<ul class=\"wp-block-list\"><li>1.05 x 1.85 convertible bed<\/li><\/ul>\n\n\n\n<ul class=\"wp-block-list\"><li>84 liter fridge<\/li><\/ul>\n\n\n\n<ul class=\"wp-block-list\"><li>100 liter clean water tank<\/li><\/ul>\n\n\n\n<ul class=\"wp-block-list\"><li>Thermo tank 20 liters<\/li><\/ul>\n\n\n\n<ul class=\"wp-block-list\"><li>18 liter black water tank<\/li><\/ul>\n\n\n\n<ul class=\"wp-block-list\"><li>90 liter gray water tank<\/li><\/ul>\n<\/div>\n<\/div>\n\n\n\n<p class=\"has-text-align-left\"><strong>IDEAL PARA:<\/strong><br>2 adultos<br>2 adultos + 1 ni\u00f1o<br>*Consultar para m\u00e1s combinaciones de personas.<\/p>","protected":false},"excerpt":{"rendered":"<p>Mira todo lo que puedes hacer en tu Happy Camper EQUIPAMIENTO Placa solar Corriente 220 V Toldo exterior Puerta mosquitera Calefacci\u00f3n C\u00e1mara trasera Asientos traseros con sistema Isofix Iluminaci\u00f3n LED Equipo Multimedia Televisi\u00f3n 1 toma doble de USB 3 enchufes de 230 V 1 enchufe de 12 V Menaje completo de cocina Kit de limpieza &hellip; <\/p>\n<p class=\"link-more\"><a href=\"https:\/\/www.happycamperlapalma.com\/en\/etrusco\/\" class=\"more-link\">Continue reading<span class=\"screen-reader-text\"> \u00abNUESTRA CAMPER  ETRUSCO AL DETALLE\u00bb<\/span><\/a><\/p>","protected":false},"author":1,"featured_media":791,"parent":0,"menu_order":0,"comment_status":"closed","ping_status":"closed","template":"","meta":{"footnotes":""},"class_list":["post-558","page","type-page","status-publish","has-post-thumbnail","hentry"],"_links":{"self":[{"href":"https:\/\/www.happycamperlapalma.com\/en\/wp-json\/wp\/v2\/pages\/558","targetHints":{"allow":["GET"]}}],"collection":[{"href":"https:\/\/www.happycamperlapalma.com\/en\/wp-json\/wp\/v2\/pages"}],"about":[{"href":"https:\/\/www.happycamperlapalma.com\/en\/wp-json\/wp\/v2\/types\/page"}],"author":[{"embeddable":true,"href":"https:\/\/www.happycamperlapalma.com\/en\/wp-json\/wp\/v2\/users\/1"}],"replies":[{"embeddable":true,"href":"https:\/\/www.happycamperlapalma.com\/en\/wp-json\/wp\/v2\/comments?post=558"}],"version-history":[{"count":15,"href":"https:\/\/www.happycamperlapalma.com\/en\/wp-json\/wp\/v2\/pages\/558\/revisions"}],"predecessor-version":[{"id":1229,"href":"https:\/\/www.happycamperlapalma.com\/en\/wp-json\/wp\/v2\/pages\/558\/revisions\/1229"}],"wp:featuredmedia":[{"embeddable":true,"href":"https:\/\/www.happycamperlapalma.com\/en\/wp-json\/wp\/v2\/media\/791"}],"wp:attachment":[{"href":"https:\/\/www.happycamperlapalma.com\/en\/wp-json\/wp\/v2\/media?parent=558"}],"curies":[{"name":"wp","href":"https:\/\/api.w.org\/{rel}","templated":true}]}}